{"id":40335,"date":"2023-09-27T17:55:19","date_gmt":"2023-09-27T17:55:19","guid":{"rendered":"https:\/\/campersite-rent.com\/product\/inoxto-40l-hiking-backpack-camping-backpack-with-waterproof-rain-cover-for-men-women-outdoor-sport-travel-daypack-with-adjustable-chest-and-hip-strap-for-climbing-touring-khaki\/"},"modified":"2023-09-27T17:55:19","modified_gmt":"2023-09-27T17:55:19","slug":"inoxto-40l-hiking-backpack-camping-backpack-with-waterproof-rain-cover-for-men-women-outdoor-sport-travel-daypack-with-adjustable-chest-and-hip-strap-for-climbing-touring-khaki","status":"publish","type":"product","link":"https:\/\/campersite-rent.com\/pt\/produto\/inoxto-40l-mochila-de-caminhada-campismo-mochila-com-capa-impermeavel-a-chuva-para-homens-mulheres-desporto-ao-ar-livre-mochila-de-viagem-com-alca-ajustavel-no-peito-e-na-anca-para-escalada-touring-ca\/","title":{"rendered":"INOXTO 40L Mochila de caminhada Mochila de campismo com capa de chuva imperme\u00e1vel para homens mulheres, mochila de viagem desportiva ao ar livre com al\u00e7a ajust\u00e1vel no peito e na anca para escalada (caqui)"},"content":{"rendered":"<p>INOXTO 40L Mochila de caminhada Mochila de campismo com capa de chuva imperme\u00e1vel para homens mulheres, mochila de viagem desportiva ao ar livre com al\u00e7a ajust\u00e1vel no peito e na anca para escalada (caqui)<br \/><img decoding=\"async\" src=\"https:\/\/m.media-amazon.com\/images\/I\/41L7FkTF3yL._SL160_.jpg\" alt=\"INOXTO 40L Mochila de caminhada Mochila de campismo com capa de chuva imperme\u00e1vel para homens mulheres, mochila de viagem desportiva ao ar livre com al\u00e7a ajust\u00e1vel no peito e na anca para escalada (caqui)\"><\/p>\n<p>  <a href=\"https:\/\/www.amazon.com\/dp\/B09KV6CVX4\" target=\"_blank\" rel=\"noopener\">Liga\u00e7\u00e3o do produto<\/a><\/p>","protected":false},"excerpt":{"rendered":"<p>INOXTO 40L Hiking Backpack Camping Backpack with Waterproof Rain Cover for Men Women, Outdoor Sport Travel Daypack with Adjustable Chest and Hip Strap for Climbing Touring (Khaki) Product Link<\/p>","protected":false},"featured_media":40336,"comment_status":"open","ping_status":"closed","template":"","meta":[],"product_brand":[],"product_cat":[191],"product_tag":[],"class_list":{"0":"post-40335","1":"product","2":"type-product","3":"status-publish","4":"has-post-thumbnail","6":"product_cat-camping-backpacks","8":"first","9":"instock","10":"virtual","11":"purchasable","12":"product-type-simple"},"_links":{"self":[{"href":"https:\/\/campersite-rent.com\/pt\/wp-json\/wp\/v2\/product\/40335","targetHints":{"allow":["GET"]}}],"collection":[{"href":"https:\/\/campersite-rent.com\/pt\/wp-json\/wp\/v2\/product"}],"about":[{"href":"https:\/\/campersite-rent.com\/pt\/wp-json\/wp\/v2\/types\/product"}],"replies":[{"embeddable":true,"href":"https:\/\/campersite-rent.com\/pt\/wp-json\/wp\/v2\/comments?post=40335"}],"wp:featuredmedia":[{"embeddable":true,"href":"https:\/\/campersite-rent.com\/pt\/wp-json\/wp\/v2\/media\/40336"}],"wp:attachment":[{"href":"https:\/\/campersite-rent.com\/pt\/wp-json\/wp\/v2\/media?parent=40335"}],"wp:term":[{"taxonomy":"product_brand","embeddable":true,"href":"https:\/\/campersite-rent.com\/pt\/wp-json\/wp\/v2\/product_brand?post=40335"},{"taxonomy":"product_cat","embeddable":true,"href":"https:\/\/campersite-rent.com\/pt\/wp-json\/wp\/v2\/product_cat?post=40335"},{"taxonomy":"product_tag","embeddable":true,"href":"https:\/\/campersite-rent.com\/pt\/wp-json\/wp\/v2\/product_tag?post=40335"}],"curies":[{"name":"wp","href":"https:\/\/api.w.org\/{rel}","templated":true}]}}