{"id":40064,"date":"2023-08-21T10:39:59","date_gmt":"2023-08-21T10:39:59","guid":{"rendered":"https:\/\/campersite-rent.com\/en\/product\/2022-hot-sale-travel-trailer-caravans-rv-camper-motorhome-camping-trailer-recreational-vehicle-for-sale-customizable\/"},"modified":"2023-08-21T10:40:01","modified_gmt":"2023-08-21T10:40:01","slug":"2022-hot-sale-travel-trailer-caravans-rv-camper-motorhome-camping-trailer-recreational-vehicle-for-sale-customizable","status":"publish","type":"product","link":"https:\/\/campersite-rent.com\/es\/producto\/2022-hot-sale-travel-trailer-caravans-rv-camper-motorhome-camping-trailer-recreational-vehicle-for-sale-customizable\/","title":{"rendered":"2022 Venta caliente remolque de viaje caravanas Rv Camper Motorhome camping remolque veh\u00edculo recreativo para la venta, Personalizable"},"content":{"rendered":"<div id=\"module_product_packaging_and_quick_detail\">\n<div class=\"widget-detail-overview\">\n<div class=\"do-title\">Visi\u00f3n general<\/div>\n<div id=\"car-parts-model\">&nbsp;<\/div>\n<div class=\"do-content\">\n<div class=\"do-overview\">\n<div class=\"do-entry do-entry-separate\" data-e2e-name=\"quickDetail\">\n<div class=\"do-entry-title\">Detalles esenciales<\/div>\n<div class=\"do-entry-list\">\n<dl class=\"do-entry-item\">\n<dt class=\"do-entry-item\"><span class=\"attr-name J-attr-name\" title=\"Lugar de origen\">Lugar de origen:<\/span><\/dt>\n<dd class=\"do-entry-item-val\">\n<div class=\"text-ellipsis\" title=\"Chongqing, China\">Chongqing, China<\/div>\n<\/dd>\n<\/dl>\n<dl class=\"do-entry-item\">\n<dt class=\"do-entry-item\"><span class=\"attr-name J-attr-name\" title=\"Color\">Color:<\/span><\/dt>\n<dd class=\"do-entry-item-val\">\n<div class=\"text-ellipsis\" title=\"blanco\">blanco<\/div>\n<\/dd>\n<\/dl>\n<dl class=\"do-entry-item\">\n<dt class=\"do-entry-item\"><span class=\"attr-name J-attr-name\" title=\"Combustible\">Combustible:<\/span><\/dt>\n<dd class=\"do-entry-item-val\">\n<div class=\"text-ellipsis\" title=\"Diesel\">Diesel<\/div>\n<\/dd>\n<\/dl>\n<dl class=\"do-entry-item\">\n<dt class=\"do-entry-item\"><span class=\"attr-name J-attr-name\" title=\"Caballos de fuerza\">Caballos de fuerza:<\/span><\/dt>\n<dd class=\"do-entry-item-val\">\n<div class=\"text-ellipsis\" title=\"132 CV\">132 CV<\/div>\n<\/dd>\n<\/dl>\n<dl class=\"do-entry-item\">\n<dt class=\"do-entry-item\"><span class=\"attr-name J-attr-name\" title=\"Conductor y pasajero\">Conductor y pasajero:<\/span><\/dt>\n<dd class=\"do-entry-item-val\">\n<div class=\"text-ellipsis\" title=\"6\">6<\/div>\n<\/dd>\n<\/dl>\n<dl class=\"do-entry-item\">\n<dt class=\"do-entry-item\"><span class=\"attr-name J-attr-name\" title=\"Longitud\">Longitud:<\/span><\/dt>\n<dd class=\"do-entry-item-val\">\n<div class=\"text-ellipsis\" title=\"5,995 metros\">5,995 metros<\/div>\n<\/dd>\n<\/dl>\n<dl class=\"do-entry-item\">\n<dt class=\"do-entry-item\"><span class=\"attr-name J-attr-name\" title=\"Marca del chasis\">Marca del chasis:<\/span><\/dt>\n<dd class=\"do-entry-item-val\">\n<div class=\"text-ellipsis\" title=\"Qingling M600\">Qingling M600<\/div>\n<\/dd>\n<\/dl>\n<dl class=\"do-entry-item\">\n<dt class=\"do-entry-item\"><span class=\"attr-name J-attr-name\" title=\"Neum\u00e1ticos\">Neum\u00e1tico:<\/span><\/dt>\n<dd class=\"do-entry-item-val\">\n<div class=\"text-ellipsis\" title=\"6\">6<\/div>\n<\/dd>\n<\/dl>\n<dl class=\"do-entry-item\">\n<dt class=\"do-entry-item\"><span class=\"attr-name J-attr-name\" title=\"Par m\u00e1ximo\">Par m\u00e1ximo:<\/span><\/dt>\n<dd class=\"do-entry-item-val\">\n<div class=\"text-ellipsis\" title=\"320N.m\">320N.m<\/div>\n<\/dd>\n<\/dl>\n<dl class=\"do-entry-item\">\n<dt class=\"do-entry-item\"><span class=\"attr-name J-attr-name\" title=\"Norma de emisiones\">Norma de emisi\u00f3n:<\/span><\/dt>\n<dd class=\"do-entry-item-val\">\n<div class=\"text-ellipsis\" title=\"Euro 6\">Euro 6<\/div>\n<\/dd>\n<\/dl>\n<dl class=\"do-entry-item\">\n<dt class=\"do-entry-item\"><span class=\"attr-name J-attr-name\" title=\"Cocina\">Cocina:<\/span><\/dt>\n<dd class=\"do-entry-item-val\">\n<div class=\"text-ellipsis\" title=\"Cocina de interior\">Cocina de interior<\/div>\n<\/dd>\n<\/dl>\n<\/div>\n<\/div>\n<div class=\"do-entry do-entry-full\" data-e2e-name=\"supplyAbility\">\n<div class=\"do-entry-title\">Capacidad de suministro<\/div>\n<div class=\"do-entry-list\">\n<dl class=\"do-entry-item\">\n<dt class=\"do-entry-item-key\" title=\"Capacidad de suministro\">Capacidad de suministro<\/dt>\n<dd class=\"do-entry-item-val\" title=\"10000 Unidad\/Unidades por mes\">10000 Unidad\/Unidades por mes<\/dd>\n<\/dl>\n<\/div>\n<\/div>\n<div class=\"do-entry do-entry-full\" data-e2e-name=\"productPackaging\">\n<div class=\"do-entry-title\">Embalaje y entrega<\/div>\n<div class=\"do-entry-list\">\n<dl class=\"do-entry-item\">\n<dt class=\"do-entry-item-key\" title=\"Detalles del embalaje\">Detalles del embalaje<\/dt>\n<dd><span class=\"do-entry-item-val\">Cajas de cart\u00f3n;<br \/>\n\tTin Trunk; According to customer&#039;s requirement<\/span><\/dd>\n<\/dl>\n<dl class=\"do-entry-item\">\n<dt class=\"do-entry-item-key\" title=\"Puerto\">Puerto<\/dt>\n<dd><span class=\"do-entry-item-val\">Chongqing China<\/span><\/dd>\n<\/dl>\n<dl class=\"leadtime-table\">\n<dt class=\"leadtime-table__key\" title=\"Plazo de entrega\">Plazo de entrega:<\/dt>\n<dd class=\"leadtime-table__value\" title=\"Plazo de entrega\">\n<table class=\"supply-ability-table ui2-table ui2-table-normal ui2-table-zebra ui2-table-hover\">\n<tbody>\n<tr>\n<td>Cantidad(unidades)<\/td>\n<td>1 &#8211; 2<\/td>\n<td>&gt;2<\/td>\n<\/tr>\n<tr>\n<td>Plazo de entrega (d\u00edas)<\/td>\n<td>15<\/td>\n<td>A negociar<\/td>\n<\/tr>\n<\/tbody>\n<\/table>\n<\/dd>\n<\/dl>\n<\/div>\n<\/div>\n<\/div>\n<\/div>\n<\/div>\n<\/div>\n<div id=\"module_product_specification\">\n<div class=\"richtext richtext-detail rich-text-description is-magic\" id=\"J-rich-text-description\" style=\"max-height: inherit\">\n<div data-magic-global=\"%7B%22bizId%22%3A2892998824%2C%22pageId%22%3A21063863417%2C%22siteId%22%3A5005150164%7D\" id=\"detail_decorate_root\">\n#detail_decorate_root .magic-0{borde-estilo-inferior:s\u00f3lido;borde-color-inferior:#53647a;font-family:Roboto;font-size:24px;color:#53647a;font-style:normal;borde-ancho-inferior:2px;padding-top:8px;padding-bottom:4px}#detail_decorate_root .magic-1{margen inferior:10px;altura de l\u00ednea:0}#detail_decorate_root .magic-2{anchura:750px;altura:1000px;desbordamiento:oculto;margen inferior:0}#detail_decorate_root .magic-3{position:relative;left:0;top:0;width:750px;height:1000px}#detail_decorate_root .magic-4{width:750px}#detail_decorate_root .magic-5{overflow:hidden;width:750px;height:120px;margin-top:0;margin-bottom:0;margin-left:0;margin-right:0}#detail_decorate_root .magic-6{margin-top:0;margin-left:0;width:750px;height:120px}#detail_decorate_root .magic-7{overflow:hidden;width:750px;height:366.0520607375271px;margin-top:0;margin-bottom:0;margin-left:0;margin-right:0}#detail_decorate_root .magic-8{margin-top:0;margin-left:0;width:750px;height:366.0520607375271px}#detail_decorate_root .magic-9{overflow:hidden;width:373px;height:310.83333333333px;margin-top:0;margin-bottom:0;margin-left:0;margin-right:0}#detail_decorate_root .magic-10{margen-arriba:0;margen-izquierda:0;anchura:373px;altura:310.83333333333px}#detail_decorate_root .magic-11{overflow:hidden;anchura:373px;altura:310px;margen-arriba:0;margen-abajo:0;margen-izquierda:4px;margen-derecha:0}#detail_decorate_root .magic-12{overflow:hidden;anchura:373px;altura:248.666666666669px;margin-top:0;margin-bottom:0;margin-left:0;margin-right:0}#detail_decorate_root .magic-13{margin-top:0;margin-left:0;width:373px;height:248.666666666669px}#detail_decorate_root .magic-14{overflow:hidden;width:373px;height:248px;margin-top:0;margin-bottom:0;margin-left:4px;margin-right:0}#detail_decorate_root .magic-15{ancho:750px;border-collapse:collapse}#detail_decorate_root .magic-16{altura m\u00ednima:28px;padding:5px 10px;anchura:147px;altura m\u00ednima:18px;box-sizing:content-box}#detail_decorate_root .magic-17{alineaci\u00f3n de texto:centro}#detail_decorate_root .magic-18{altura m\u00ednima:28px;padding:5px 10px;width:261px;min-height:18px;box-sizing:content-box}#detail_decorate_root .magic-19{altura m\u00ednima:28px;padding:5px 10px;width:275px;min-height:18px;box-sizing:content-box}#detail_decorate_root .magic-20{altura m\u00ednima:28px;padding:5px 10px;width:557.021px;min-height:18px;box-sizing:content-box}#detail_decorate_root .magic-21{display:none}#detail_decorate_root .magic-22{altura m\u00ednima:28px;padding:5px 10px;width:276px;min-height:18px;box-sizing:content-box}#detail_decorate_root .magic-23{altura m\u00ednima:28px;padding:5px 10px;width:146.021px;min-height:18px;box-sizing:content-box}#detail_decorate_root .magic-24{min-height:28px;padding:5px 10px;width:147.333px;min-height:18px;box-sizing:content-box}#detail_decorate_root .magic-25{min-height:28px;padding:5px 10px;width:262px;min-height:18px;box-sizing:content-box}#detail_decorate_root .magic-26{overflow:hidden;width:750px;height:1155px;margin-top:0;margin-bottom:0;margin-left:0;margin-right:0}#detail_decorate_root .magic-27{margin-top:0;margin-left:0;width:750px;height:1155px}#detail_decorate_root .magic-28{overflow:hidden;width:750px;height:1085px;margin-top:0;margin-bottom:0;margin-left:0;margin-right:0}#detail_decorate_root .magic-29{margen-arriba:0;margen-izquierda:0;anchura:750px;altura:1085px}#detail_decorate_root .magic-30{overflow:hidden;anchura:750px;altura:977px;margen-arriba:0;margen-abajo:0;margen-izquierda:0;margen-derecha:0}#detail_decorate_root .magic-31{margen-arriba:0;margen-izquierda:0;anchura:750px;altura:977px}#detail_decorate_root .magic-32{overflow:hidden;width:750px;height:618px;margin-top:0;margin-bottom:0;margin-left:0;margin-right:0}#detail_decorate_root .magic-33{margin-top:0;margin-left:0;width:750px;height:618px}#detail_decorate_root .magic-34{overflow:hidden;width:750px;height:600px;margin-top:0;margin-bottom:0;margin-left:0;margin-right:0}#detail_decorate_root .magic-35{margin-top:0;margin-left:0;width:750px;height:600px}#detail_decorate_root .magic-36{alineaci\u00f3n vertical:top}#detail_decorate_root .magic-37{alineaci\u00f3n vertical:arriba;display:block;padding-right:4px;box-sizing:border-box;padding-left:4px}#detail_decorate_root .magic-38{alineaci\u00f3n vertical:arriba;padding-bottom:4px;box-sizing:border-box;padding-top:4px}#detail_decorate_root .magic-39{padding:0;margin:0;white-space:pre-wrap;font-size:14px}#detail_decorate_root .magic-40{overflow:hidden;width:750px;height:413px;margin-top:0;margin-bottom:0;margin-left:0;margin-right:0}#detail_decorate_root .magic-41{margin-top:0;margin-left:0;width:750px;height:413px}#detail_decorate_root .magic-42{margin-bottom:10px;overflow:hidden}<\/p>\n<div class=\"J_module\">\n<div class=\"magic-0\" data-section=\"AliMagic-4mp60w\" data-section-title=\"Product Description\" id=\"ali-anchor-AliMagic-4mp60w\">Descripci\u00f3n del producto<\/div>\n<\/div>\n<div class=\"J_module\">\n<div class=\"icbu-pc-detailManyImage magic-1\">\n<div class=\"magic-2\">\n<img src=\"https:\/\/sc04.alicdn.com\/kf\/H26ce17bf7c584aeb8436e31f54e6d3d25\/228295722\/H26ce17bf7c584aeb8436e31f54e6d3d25.jpg\" class=\"magic-3\" \/><\/div>\n<\/div>\n<\/div>\n<div class=\"J_module\">\n<div class=\"icbu-pc-images magic-4\">\n<div class=\"flex-layout-v\">\n<div class=\"flex-layout-h magic-4\">\n<div class=\"magic-5\">\n<img src=\"https:\/\/sc04.alicdn.com\/kf\/Hc259f6ee3dfb4b9d9cc03ed9ae41d50cG\/228295722\/Hc259f6ee3dfb4b9d9cc03ed9ae41d50cG.jpg\" class=\"magic-6\" \/><\/div>\n<\/div>\n<\/div>\n<\/div>\n<\/div>\n<div class=\"J_module\">\n<div class=\"icbu-pc-images magic-4\">\n<div class=\"flex-layout-v\">\n<div class=\"flex-layout-h magic-4\">\n<div class=\"magic-7\">\n<img src=\"https:\/\/sc04.alicdn.com\/kf\/H31709f2195fc4ab7a37a748803f53719k\/228295722\/H31709f2195fc4ab7a37a748803f53719k.jpg\" class=\"magic-8\" \/><\/div>\n<\/div>\n<\/div>\n<\/div>\n<\/div>\n<div class=\"J_module\">\n<div class=\"icbu-pc-images magic-4\">\n<div class=\"flex-layout-v\">\n<div class=\"flex-layout-h magic-4\">\n<div class=\"magic-9\">\n<img src=\"https:\/\/sc04.alicdn.com\/kf\/H11f14156dfac4f789d3a27e0b056e5bcZ\/228295722\/H11f14156dfac4f789d3a27e0b056e5bcZ.jpg\" class=\"magic-10\" \/><\/div>\n<div class=\"magic-11\">\n<img src=\"https:\/\/sc04.alicdn.com\/kf\/H509e959a3b3f4c0e9f7023277b4f082f6\/228295722\/H509e959a3b3f4c0e9f7023277b4f082f6.jpg\" class=\"magic-10\" \/><\/div>\n<\/div>\n<\/div>\n<\/div>\n<\/div>\n<div class=\"J_module\">\n<div class=\"icbu-pc-images magic-4\">\n<div class=\"flex-layout-v\">\n<div class=\"flex-layout-h magic-4\">\n<div class=\"magic-12\">\n<img src=\"https:\/\/sc04.alicdn.com\/kf\/Hd9b7dbca0367469fb52c29c420a10d69G\/228295722\/Hd9b7dbca0367469fb52c29c420a10d69G.jpg\" class=\"magic-13\" \/><\/div>\n<div class=\"magic-14\">\n<img src=\"https:\/\/sc04.alicdn.com\/kf\/Hb0acd50083b14228bf80d547b01ace2au\/228295722\/Hb0acd50083b14228bf80d547b01ace2au.jpg\" class=\"magic-13\" \/><\/div>\n<\/div>\n<\/div>\n<\/div>\n<\/div>\n<div class=\"J_module\">\n<div class=\"icbu-pc-images magic-4\">\n<div class=\"flex-layout-v\">\n<div class=\"flex-layout-h magic-4\">\n<div class=\"magic-12\">\n<img src=\"https:\/\/sc04.alicdn.com\/kf\/Ha10a8f13911f4954a71e3daff6eb4670E\/228295722\/Ha10a8f13911f4954a71e3daff6eb4670E.jpg\" class=\"magic-13\" \/><\/div>\n<div class=\"magic-14\">\n<img src=\"https:\/\/sc04.alicdn.com\/kf\/H9f9a43ab641d46c9bea2a5d760db85b1V\/228295722\/H9f9a43ab641d46c9bea2a5d760db85b1V.jpg\" class=\"magic-13\" \/><\/div>\n<\/div>\n<\/div>\n<\/div>\n<\/div>\n<div class=\"J_module\">\n<div class=\"magic-0\" data-section=\"AliMagic-ak14n4\" data-section-title=\"Specification\" id=\"ali-anchor-AliMagic-ak14n4\">Especificaci\u00f3n<\/div>\n<\/div>\n<div class=\"J_module\">\n<div class=\"ife-detail-decorate-table\">\n<table class=\"has-title hight-light-first-column all magic-15\">\n<tbody>\n<tr>\n<td colspan=\"1\" rowspan=\"1\">\n<div class=\"magic-16\">\n<div class=\"magic-17\">Marca del chasis<\/div>\n<\/p><\/div>\n<\/td>\n<td colspan=\"1\" rowspan=\"1\">\n<div class=\"magic-18\">\n<div class=\"magic-17\">Modelo<\/div>\n<\/p><\/div>\n<\/td>\n<td colspan=\"1\" rowspan=\"1\">\n<div class=\"magic-19\">\n<div class=\"magic-17\">Chasis Isuzu M600<\/div>\n<\/p><\/div>\n<\/td>\n<\/tr>\n<tr>\n<td colspan=\"1\" rowspan=\"1\">\n<div class=\"magic-16\">\n<div class=\"magic-17\">Potencia m\u00e1xima<\/div>\n<\/p><\/div>\n<\/td>\n<td colspan=\"1\" rowspan=\"1\">\n<div class=\"magic-18\">\n<div class=\"magic-17\">hp<\/div>\n<\/p><\/div>\n<\/td>\n<td colspan=\"1\" rowspan=\"1\">\n<div class=\"magic-19\">\n<div class=\"magic-17\">132<\/div>\n<\/p><\/div>\n<\/td>\n<\/tr>\n<tr>\n<td colspan=\"1\" rowspan=\"1\">\n<div class=\"magic-16\">\n<div class=\"magic-17\">Conductor y pasajero<\/div>\n<\/p><\/div>\n<\/td>\n<td colspan=\"2\" rowspan=\"1\">\n<div class=\"magic-20\">\n<div class=\"magic-17\">6<\/div>\n<\/p><\/div>\n<\/td>\n<td class=\"magic-21\" rowspan=\"0\">\n<div class=\"magic-22\">&nbsp;<\/div>\n<\/td>\n<\/tr>\n<tr>\n<td colspan=\"1\" rowspan=\"3\">\n<div class=\"magic-23\">\n<div class=\"magic-17\">&nbsp;<\/div>\n<div class=\"magic-17\">&nbsp;<\/div>\n<div class=\"magic-17\">Tama\u00f1o total<\/div>\n<\/p><\/div>\n<\/td>\n<td colspan=\"1\" rowspan=\"1\">\n<div class=\"magic-18\">\n<div class=\"magic-17\">Longitud(mm)<\/div>\n<\/p><\/div>\n<\/td>\n<td colspan=\"1\" rowspan=\"1\">\n<div class=\"magic-19\">\n<div class=\"magic-17\">5995<\/div>\n<\/p><\/div>\n<\/td>\n<\/tr>\n<tr>\n<td class=\"magic-21\" rowspan=\"0\">\n<div class=\"magic-24\">&nbsp;<\/div>\n<\/td>\n<td colspan=\"1\" rowspan=\"1\">\n<div class=\"magic-25\">\n<div class=\"magic-17\">Anchura(mm)<\/div>\n<\/p><\/div>\n<\/td>\n<td colspan=\"1\" rowspan=\"1\">\n<div class=\"magic-22\">\n<div class=\"magic-17\">2450<\/div>\n<\/p><\/div>\n<\/td>\n<\/tr>\n<tr>\n<td class=\"magic-21\" rowspan=\"0\">\n<div class=\"magic-24\">&nbsp;<\/div>\n<\/td>\n<td colspan=\"1\" rowspan=\"1\">\n<div class=\"magic-25\">\n<div class=\"magic-17\">Altura(mm)<\/div>\n<\/p><\/div>\n<\/td>\n<td colspan=\"1\" rowspan=\"1\">\n<div class=\"magic-22\">\n<div class=\"magic-17\">3200<\/div>\n<\/p><\/div>\n<\/td>\n<\/tr>\n<tr>\n<td colspan=\"1\" rowspan=\"1\">\n<div class=\"magic-24\">\n<div class=\"magic-17\">Motor<\/div>\n<\/p><\/div>\n<\/td>\n<td colspan=\"1\" rowspan=\"1\">\n<div class=\"magic-25\">\n<div class=\"magic-17\">Tipo<\/div>\n<\/p><\/div>\n<\/td>\n<td colspan=\"1\" rowspan=\"1\">\n<div class=\"magic-22\">\n<div class=\"magic-17\">Motor diesel 3.0T<\/div>\n<\/p><\/div>\n<\/td>\n<\/tr>\n<\/tbody>\n<\/table>\n<\/div>\n<\/div>\n<div class=\"J_module\">\n<div class=\"icbu-pc-images magic-4\">\n<div class=\"flex-layout-v\">\n<div class=\"flex-layout-h magic-4\">\n<div class=\"magic-26\">\n<img src=\"https:\/\/sc04.alicdn.com\/kf\/H87d2b877742247febeb3087575d3f42dQ\/228295722\/H87d2b877742247febeb3087575d3f42dQ.jpg\" class=\"magic-27\" \/><\/div>\n<\/div>\n<\/div>\n<\/div>\n<\/div>\n<div class=\"J_module\">\n<div class=\"magic-0\" data-section=\"AliMagic-8qvtz6\" data-section-title=\"Packing &amp; Delivery\" id=\"ali-anchor-AliMagic-8qvtz6\">Embalaje y entrega<\/div>\n<\/div>\n<div class=\"J_module\">\n<div class=\"icbu-pc-images magic-4\">\n<div class=\"flex-layout-v\">\n<div class=\"flex-layout-h magic-4\">\n<div class=\"magic-28\">\n<img src=\"https:\/\/sc04.alicdn.com\/kf\/H35da1e58b7dc4952af48a1fd4ab9733bK\/228295722\/H35da1e58b7dc4952af48a1fd4ab9733bK.jpg\" class=\"magic-29\" \/><\/div>\n<\/div>\n<\/div>\n<\/div>\n<\/div>\n<div class=\"J_module\">\n<div class=\"magic-0\" data-section=\"AliMagic-sbzzye\" data-section-title=\"Company Profile\" id=\"ali-anchor-AliMagic-sbzzye\">Perfil de la empresa<\/div>\n<\/div>\n<div class=\"J_module\">\n<div class=\"icbu-pc-images magic-4\">\n<div class=\"flex-layout-v\">\n<div class=\"flex-layout-h magic-4\">\n<div class=\"magic-30\">\n<img src=\"https:\/\/sc04.alicdn.com\/kf\/Hf6157688e40640b89d72891f56ab1dbeP\/228295722\/Hf6157688e40640b89d72891f56ab1dbeP.jpg\" class=\"magic-31\" \/><\/div>\n<\/div>\n<\/div>\n<\/div>\n<\/div>\n<div class=\"J_module\">\n<div class=\"magic-0\" data-section=\"AliMagic-tody5t\" data-section-title=\"Certifications\" id=\"ali-anchor-AliMagic-tody5t\">Certificaciones<\/div>\n<\/div>\n<div class=\"J_module\">\n<div class=\"icbu-pc-images magic-4\">\n<div class=\"flex-layout-v\">\n<div class=\"flex-layout-h magic-4\">\n<div class=\"magic-32\">\n<img src=\"https:\/\/sc04.alicdn.com\/kf\/Ha4a9926585df4813be4c52f73c782669H\/228295722\/Ha4a9926585df4813be4c52f73c782669H.jpg\" class=\"magic-33\" \/><\/div>\n<\/div>\n<\/div>\n<\/div>\n<\/div>\n<div class=\"J_module\">\n<div class=\"magic-0\" data-section=\"AliMagic-ggubon\" data-section-title=\"Worldwide Business\" id=\"ali-anchor-AliMagic-ggubon\">Negocios en el mundo<\/div>\n<\/div>\n<div class=\"J_module\">\n<div class=\"icbu-pc-images magic-4\">\n<div class=\"flex-layout-v\">\n<div class=\"flex-layout-h magic-4\">\n<div class=\"magic-34\">\n<img src=\"https:\/\/sc04.alicdn.com\/kf\/H03a72042d3224b4cbb7f7cded31f2c19q\/228295722\/H03a72042d3224b4cbb7f7cded31f2c19q.jpg\" class=\"magic-35\" \/><\/div>\n<\/div>\n<\/div>\n<\/div>\n<\/div>\n<div class=\"J_module\">\n<div class=\"magic-0\" data-section=\"AliMagic-xk43d5\" data-section-title=\"FAQ\" id=\"ali-anchor-AliMagic-xk43d5\">PREGUNTAS FRECUENTES<\/div>\n<\/div>\n<div class=\"J_module\">\n<div class=\"detail-decorate-json-renderer-container\">\n<div class=\"magic-36\">\n<div class=\"magic-37\">\n<div class=\"magic-38\">\n<div class=\"magic-39\"><span><b>Q1. \u00bfTienen camiones RHD? <\/b><br \/>\nR: S\u00ed, lo hemos hecho, p\u00f3ngase en contacto con nosotros para m\u00e1s detalles.<\/p>\n<p><b>Q2. \u00bfCu\u00e1les son sus principales productos y servicios? <\/b><br \/>\nR: Nos dedicamos principalmente a CBU, piezas de autom\u00f3vil, SKD, proyecto CKD y servicio de soluciones integradas ONE STOP en la industria del autom\u00f3vil.<\/p>\n<p><b>Q3. \u00bfCu\u00e1les son las condiciones de pago aceptables para usted?<\/b><br \/>\nA: TT, or L\/C according to customers&rsquo; requirement.<\/p>\n<p><b>Q4. \u00bfDisponen de todos los modelos de camiones Isuzu?<\/b><br \/>\nR: Si, tenemos Camiones de Gasolina y Diesel Isuzu y Camiones El\u00e9ctricos, Camiones de Uso Especial, Euro\u2163 Euro\u2164 Euro \u2165.<\/p>\n<p><b>Q5. \u00bfPuede hacer camiones Euro\u2161 Euro\u2162\uff1f?<\/b><br \/>\nR: S\u00ed, p\u00f3ngase en contacto con nosotros para obtener m\u00e1s detalles.<\/p>\n<p><b>Q6. \u00bfPueden proporcionarnos asistencia t\u00e9cnica para la compra a granel?<\/b><br \/>\nR: S\u00ed, contamos con un equipo t\u00e9cnico profesional para el seguimiento de los pedidos en curso, no se preocupe.<\/span><\/div>\n<\/div>\n<\/div>\n<\/div>\n<\/div>\n<\/div>\n<div class=\"J_module\">\n<div class=\"magic-0\" data-section=\"AliMagic-njcwkn\" data-section-title=\"Contact Us\" id=\"ali-anchor-AliMagic-njcwkn\">Contacte con nosotros<\/div>\n<\/div>\n<div class=\"J_module\">\n<div class=\"icbu-pc-images magic-4\">\n<div class=\"flex-layout-v\">\n<div class=\"flex-layout-h magic-4\">\n<div class=\"magic-40\">&nbsp;<\/div>\n<\/div>\n<\/div>\n<\/div>\n<\/div>\n<\/div>\n<\/div>\n<\/div>","protected":false},"excerpt":{"rendered":"<p>Overview &nbsp; Essential details Place of Origin: Chongqing, China Color: white Fuel: Diesel Horse power: 132hp Driver&amp;Passenger: 6 Length: 5.995 meters Chassis brand: Qingling M600 Tire: 6 Max Torque: 320N.m Emission standard: Euro 6 Kitchen: Indoor Kitchen Supply Ability Supply Ability 10000 Unit\/Units per Month Packaging &amp; delivery Packaging Details Cartons; Tin Trunk; According to [&hellip;]<\/p>\n","protected":false},"featured_media":40058,"comment_status":"open","ping_status":"closed","template":"","meta":[],"product_brand":[],"product_cat":[56],"product_tag":[],"class_list":{"0":"post-40064","1":"product","2":"type-product","3":"status-publish","4":"has-post-thumbnail","6":"product_cat-products","8":"first","9":"instock","10":"sale","11":"shipping-taxable","12":"purchasable","13":"product-type-variable"},"_links":{"self":[{"href":"https:\/\/campersite-rent.com\/es\/wp-json\/wp\/v2\/product\/40064","targetHints":{"allow":["GET"]}}],"collection":[{"href":"https:\/\/campersite-rent.com\/es\/wp-json\/wp\/v2\/product"}],"about":[{"href":"https:\/\/campersite-rent.com\/es\/wp-json\/wp\/v2\/types\/product"}],"replies":[{"embeddable":true,"href":"https:\/\/campersite-rent.com\/es\/wp-json\/wp\/v2\/comments?post=40064"}],"wp:featuredmedia":[{"embeddable":true,"href":"https:\/\/campersite-rent.com\/es\/wp-json\/wp\/v2\/media\/40058"}],"wp:attachment":[{"href":"https:\/\/campersite-rent.com\/es\/wp-json\/wp\/v2\/media?parent=40064"}],"wp:term":[{"taxonomy":"product_brand","embeddable":true,"href":"https:\/\/campersite-rent.com\/es\/wp-json\/wp\/v2\/product_brand?post=40064"},{"taxonomy":"product_cat","embeddable":true,"href":"https:\/\/campersite-rent.com\/es\/wp-json\/wp\/v2\/product_cat?post=40064"},{"taxonomy":"product_tag","embeddable":true,"href":"https:\/\/campersite-rent.com\/es\/wp-json\/wp\/v2\/product_tag?post=40064"}],"curies":[{"name":"wp","href":"https:\/\/api.w.org\/{rel}","templated":true}]}}