{"id":39851,"date":"2023-08-15T09:31:16","date_gmt":"2023-08-15T09:31:16","guid":{"rendered":"https:\/\/campersite-rent.com\/product\/transparent-geodesic-luxury-dome-hotel-manor-tents-outdoor-camping-resort-pvc-leisure-round-glamping-dome-vacation-spots-tent\/"},"modified":"2023-08-20T19:24:34","modified_gmt":"2023-08-20T19:24:34","slug":"transparent-geodesic-luxury-dome-hotel-manor-tents-outdoor-camping-resort-pvc-leisure-round-glamping-dome-vacation-spots-tent","status":"publish","type":"product","link":"https:\/\/campersite-rent.com\/es\/producto\/transparent-geodesic-luxury-dome-hotel-manor-tents-outdoor-camping-resort-pvc-leisure-round-glamping-dome-vacation-spots-tent\/","title":{"rendered":"C\u00fapula geod\u00e9sica transparente de lujo Hotel Manor Tiendas Camping al aire libre Resort PVC Ocio redonda Glamping C\u00fapula Vacaciones Spots Tienda de campa\u00f1a"},"content":{"rendered":"<div class=\"product-specs-list-container\">\n<ul class=\"product-specs-list util-clearfix\">\n<li class=\"product-prop line-limit-length\"><span\n                                    class=\"property-title\">is_customized:&nbsp;<\/span><span\n                                    class=\"property-desc line-limit-length\">S\u00ed<\/span>\n                        <\/li>\n<li class=\"product-prop line-limit-length\"><span\n                                    class=\"property-title\">Uso general:&nbsp;<\/span><span\n                                    class=\"property-desc line-limit-length\">Muebles de exterior<\/span>\n                        <\/li>\n<li class=\"product-prop line-limit-length\"><span\n                                    class=\"property-title\">Specific Use:&nbsp;<\/span><span\n                                    class=\"property-desc line-limit-length\">Garden Sofa<\/span>\n                        <\/li>\n<li class=\"product-prop line-limit-length\"><span\n                                    class=\"property-title\">Marca:&nbsp;<\/span><span\n                                    class=\"property-desc line-limit-length\">YUJINGXI<\/span>\n                        <\/li>\n<li class=\"product-prop line-limit-length\"><span\n                                    class=\"property-title\">Origen:&nbsp;<\/span><span\n                                    class=\"property-desc line-limit-length\">China continental<\/span>\n                        <\/li>\n<\/ul><\/div>\n<div class=\"detailmodule_media\">\n<div class=\"video-container-1100170852354\">\n<div class=\"detail-video\" id=\"1100170852354\" data-previewurl=\"https:\/\/ae01.alicdn.com\/kf\/Se42056fccee04509af3771b99b8f1fd3H.jpg\"><\/div>\n<\/div>\n<\/div>\n<p><\/p>\n<p><\/p>\n<p><\/p>\n<p><\/p>\n<p><\/p>\n<p><\/p>\n<p><span style=\"color:rgb(211, 49, 21);font-size:24px\"><strong>Our company has 8 years of experience in designing special theme hotels and more than 120 kinds of mature hotel design solutions.<\/strong><\/span><span style=\"color:rgb(211, 49, 21)\"><strong><br \/><\/strong><\/span><\/p>\n<p><span style=\"background-color:rgb(164, 221, 0);font-size:20px\"><strong>WhatsApp(Mandy) : +86 13790021584 \u00a0 \u00a0 \u00a0 \u00a0 \u00a0 \u00a0  E-mail: 2023888@163.com<\/strong><\/span><\/p>\n<p><\/p>\n<p><span style=\"font-size:18px\"><strong>Descripci\u00f3n del producto<\/strong><\/span><\/p>\n<p><img fetchpriority=\"high\" decoding=\"async\" width=\"922\" height=\"301\" src=\"https:\/\/ae01.alicdn.com\/kf\/S1ee40240e27349e6a413f02f2e67ce4aa.png\" slate-data-type=\"image\"\/><\/p>\n<h3><\/h3>\n<p><span style=\"color:rgb(244, 78, 59);font-size:20px\"><strong>This link is the default configuration of goods (only included): <\/strong><\/span><\/p>\n<p><span style=\"color:rgb(244, 78, 59);font-size:20px\"><strong>frame + tarpaulin + cat ear screen + transparent star roof<\/strong><\/span><\/p>\n<p><span style=\"font-size:18px\"><strong>Optional accessories for our products: (This product only supports ocean shipping)<\/strong><\/span><\/p>\n<p>PVC wood grain flooring<\/p>\n<p>Glass door-(900*2000mm)<\/p>\n<p>WIFI remote control password lock for hotel<\/p>\n<p>Star roof + electric sunshade<\/p>\n<p>Triangle, round glass windows<\/p>\n<p>Solar fan<\/p>\n<p>Insulation liner-8mm new<\/p>\n<p>Leather lining<\/p>\n<p>Single track curtains (can be installed motorized)<\/p>\n<p>Double track curtains (can be installed motorized)<\/p>\n<p>Fireplace<\/p>\n<p><span style=\"color:rgb(211, 49, 21);font-size:18px\"><strong>Important Notes<\/strong><\/span><\/p>\n<p>Due to the large weight of our products, this link only includes the initial shipping price (standard configuration delivery), additional options need to add additional shipping costs. Shipping time is about 55~75 days, if you need more accessories and program design, please contact customer service (support whatsApp communication). Thank you for your support!<\/p>\n<p><img decoding=\"async\" src=\"https:\/\/ae01.alicdn.com\/kf\/Sb5ae0f0e9b4745a28a7c2df5bf6ce69en.jpg\" slate-data-type=\"image\"\/><img decoding=\"async\" src=\"https:\/\/ae01.alicdn.com\/kf\/S090eb568c18448e493485bf0cd7bcf56Y.jpg\" slate-data-type=\"image\"\/><img decoding=\"async\" src=\"https:\/\/ae01.alicdn.com\/kf\/S6976e558ac4e4035943a57a4e11f52eaO.jpg\" slate-data-type=\"image\"\/><img decoding=\"async\" src=\"https:\/\/ae01.alicdn.com\/kf\/S7ecd5cf68bc64da89e9152d8dd564486q.png\" slate-data-type=\"image\"\/><img decoding=\"async\" src=\"https:\/\/ae01.alicdn.com\/kf\/S377a5e1fc195424e932231c1ba3cfd3aG.png\" slate-data-type=\"image\"\/><img decoding=\"async\" src=\"https:\/\/ae01.alicdn.com\/kf\/Sbae2ad12db57424f9e5bb4093531590aG.jpg\" slate-data-type=\"image\"\/><img decoding=\"async\" src=\"https:\/\/ae01.alicdn.com\/kf\/Sd5c6c0aeb95c48f499f6b4cf46c238b4f.jpg\" slate-data-type=\"image\"\/><img decoding=\"async\" width=\"944\" height=\"1872\" src=\"https:\/\/ae01.alicdn.com\/kf\/S4af25f2484af4db2a21701cb08d06775l.jpg\" slate-data-type=\"image\"\/><img decoding=\"async\" width=\"944\" height=\"1892\" src=\"https:\/\/ae01.alicdn.com\/kf\/S5955374ab8f04a9e8d3affb7748b0fa3d.jpg\" slate-data-type=\"image\"\/><img decoding=\"async\" src=\"https:\/\/ae01.alicdn.com\/kf\/Sfe8f1e3c72934c55b85125324e8b0846i.jpg\" slate-data-type=\"image\"\/><img decoding=\"async\" src=\"https:\/\/ae01.alicdn.com\/kf\/S37abdd501590405fab21496f9e6ae7eff.jpg\" slate-data-type=\"image\"\/><img decoding=\"async\" src=\"https:\/\/ae01.alicdn.com\/kf\/S364bd06612294ed583586ec0982d64cbh.jpg\" slate-data-type=\"image\"\/><img decoding=\"async\" src=\"https:\/\/ae01.alicdn.com\/kf\/Sb06ac49915d54c86a56c3bcf70bbbf360.jpg\" slate-data-type=\"image\"\/><img decoding=\"async\" src=\"https:\/\/ae01.alicdn.com\/kf\/S10c105386f84419ead8e195067dd5b79j.jpg\" slate-data-type=\"image\"\/><img decoding=\"async\" src=\"https:\/\/ae01.alicdn.com\/kf\/Sd83892347b6449eba75c1c78b72b947cf.jpg\" slate-data-type=\"image\"\/><img decoding=\"async\" src=\"https:\/\/ae01.alicdn.com\/kf\/S5bfcd74bfc58437f9a713220df9d0e7c4.jpg\" slate-data-type=\"image\"\/><img decoding=\"async\" src=\"https:\/\/ae01.alicdn.com\/kf\/Sbec276b5b98d4c1d80f25cf942d391dcU.jpg\" slate-data-type=\"image\"\/><img decoding=\"async\" src=\"https:\/\/ae01.alicdn.com\/kf\/S5d3192aed03f4ac7817d99cf5447414cW.jpg\" slate-data-type=\"image\"\/><img decoding=\"async\" src=\"https:\/\/ae01.alicdn.com\/kf\/S4741800d627344d7a1ece7fe1bee5873B.jpg\" slate-data-type=\"image\"\/><img loading=\"lazy\" decoding=\"async\" width=\"944\" height=\"1174\" src=\"https:\/\/ae01.alicdn.com\/kf\/S5d9f128629624e8b8157c6d847391ad8t.jpg\" slate-data-type=\"image\"\/><img loading=\"lazy\" decoding=\"async\" width=\"944\" height=\"1041\" src=\"https:\/\/ae01.alicdn.com\/kf\/S68e913d2f2d04d1696c1b43a9ef099c86.jpg\" slate-data-type=\"image\"\/><img loading=\"lazy\" decoding=\"async\" width=\"944\" height=\"341\" src=\"https:\/\/ae01.alicdn.com\/kf\/Sbf295dfc9abf4d2696d4004414fce6d0P.png\" slate-data-type=\"image\"\/><img loading=\"lazy\" decoding=\"async\" width=\"944\" height=\"1461\" src=\"https:\/\/ae01.alicdn.com\/kf\/S69cf2d57fd494e3fbe3db35c1817578cx.jpg\" slate-data-type=\"image\"\/><img loading=\"lazy\" decoding=\"async\" width=\"944\" height=\"612\" src=\"https:\/\/ae01.alicdn.com\/kf\/S5fef07171f9f4df8a147cdfac069d0c7Z.jpg\" slate-data-type=\"image\"\/><img loading=\"lazy\" decoding=\"async\" width=\"944\" height=\"1682\" src=\"https:\/\/ae01.alicdn.com\/kf\/S3d9309d1de014d709ff367ea1f5c50c79.jpg\" slate-data-type=\"image\"\/><img loading=\"lazy\" decoding=\"async\" width=\"944\" height=\"1862\" src=\"https:\/\/ae01.alicdn.com\/kf\/S35250cff38754f08a6407603d25167deb.jpg\" slate-data-type=\"image\"\/><img loading=\"lazy\" decoding=\"async\" width=\"944\" height=\"1297\" src=\"https:\/\/ae01.alicdn.com\/kf\/S2a03269f7686459a80e4c1300723a856K.jpg\" slate-data-type=\"image\"\/><\/p>\n<p><\/p>\n<p><\/p>\n<p><\/p>\n<p><\/p>\n<p><\/p>\n<p><\/p>\n<p><\/p>\n<p><\/p>\n<p><\/p>\n<p><\/p>\n<p><\/p>\n<p><\/p>\n<p><\/p>\n<p><\/p>\n<p><\/p>\n<p><\/p>\n<p><\/p>\n<p><\/p>","protected":false},"excerpt":{"rendered":"<p>is_customized:&nbsp;Yes General Use:&nbsp;Outdoor Furniture Specific Use:&nbsp;Garden Sofa Brand Name:&nbsp;YUJINGXI Origin:&nbsp;Mainland China Our company has 8 years of experience in designing special theme hotels and more than 120 kinds of mature hotel design solutions. WhatsApp(Mandy) : +86 13790021584 \u00a0 \u00a0 \u00a0 \u00a0 \u00a0 \u00a0 E-mail: 2023888@163.com Product Description This link is the default configuration of goods [&hellip;]<\/p>\n","protected":false},"featured_media":39853,"comment_status":"open","ping_status":"closed","template":"","meta":[],"product_brand":[],"product_cat":[189],"product_tag":[],"class_list":{"0":"post-39851","1":"product","2":"type-product","3":"status-publish","4":"has-post-thumbnail","6":"product_cat-tent","8":"first","9":"instock","10":"sale","11":"shipping-taxable","12":"purchasable","13":"product-type-variable"},"_links":{"self":[{"href":"https:\/\/campersite-rent.com\/es\/wp-json\/wp\/v2\/product\/39851","targetHints":{"allow":["GET"]}}],"collection":[{"href":"https:\/\/campersite-rent.com\/es\/wp-json\/wp\/v2\/product"}],"about":[{"href":"https:\/\/campersite-rent.com\/es\/wp-json\/wp\/v2\/types\/product"}],"replies":[{"embeddable":true,"href":"https:\/\/campersite-rent.com\/es\/wp-json\/wp\/v2\/comments?post=39851"}],"wp:featuredmedia":[{"embeddable":true,"href":"https:\/\/campersite-rent.com\/es\/wp-json\/wp\/v2\/media\/39853"}],"wp:attachment":[{"href":"https:\/\/campersite-rent.com\/es\/wp-json\/wp\/v2\/media?parent=39851"}],"wp:term":[{"taxonomy":"product_brand","embeddable":true,"href":"https:\/\/campersite-rent.com\/es\/wp-json\/wp\/v2\/product_brand?post=39851"},{"taxonomy":"product_cat","embeddable":true,"href":"https:\/\/campersite-rent.com\/es\/wp-json\/wp\/v2\/product_cat?post=39851"},{"taxonomy":"product_tag","embeddable":true,"href":"https:\/\/campersite-rent.com\/es\/wp-json\/wp\/v2\/product_tag?post=39851"}],"curies":[{"name":"wp","href":"https:\/\/api.w.org\/{rel}","templated":true}]}}