{"id":39795,"date":"2023-08-15T09:30:56","date_gmt":"2023-08-15T09:30:56","guid":{"rendered":"https:\/\/campersite-rent.com\/product\/260x140cm-outdoor-double-camping-hammock-with-mosquito-net-and-rain-fly-tarp-lightweight-parachute-hammocks-for-travel-hiking\/"},"modified":"2023-08-20T19:24:34","modified_gmt":"2023-08-20T19:24:34","slug":"260x140cm-outdoor-double-camping-hammock-with-mosquito-net-and-rain-fly-tarp-lightweight-parachute-hammocks-for-travel-hiking","status":"publish","type":"product","link":"https:\/\/campersite-rent.com\/es\/producto\/260x140cm-outdoor-double-camping-hammock-with-mosquito-net-and-rain-fly-tarp-lightweight-parachute-hammocks-for-travel-hiking\/","title":{"rendered":"260x140cm Hamaca doble para acampar al aire libre con mosquitera y lona antilluvia Hamacas paraca\u00eddas ligeras para viajes Senderismo"},"content":{"rendered":"<div class=\"product-specs-list-container\">\n<ul class=\"product-specs-list util-clearfix\">\n<li class=\"product-prop line-limit-length\"><span\n                                    class=\"property-title\">Estilo:&nbsp;<\/span><span\n                                    class=\"property-desc line-limit-length\">outdoor hiking camping<\/span>\n                        <\/li>\n<li class=\"product-prop line-limit-length\"><span\n                                    class=\"property-title\">Patr\u00f3n:&nbsp;<\/span><span\n                                    class=\"property-desc line-limit-length\">Mosquito Net included<\/span>\n                        <\/li>\n<li class=\"product-prop line-limit-length\"><span\n                                    class=\"property-title\">is_customized:&nbsp;<\/span><span\n                                    class=\"property-desc line-limit-length\">S\u00ed<\/span>\n                        <\/li>\n<li class=\"product-prop line-limit-length\"><span\n                                    class=\"property-title\">N\u00famero de modelo:&nbsp;<\/span><span\n                                    class=\"property-desc line-limit-length\">Outdoor hammock<\/span>\n                        <\/li>\n<li class=\"product-prop line-limit-length\"><span\n                                    class=\"property-title\">Grupo de edad:&nbsp;<\/span><span\n                                    class=\"property-desc line-limit-length\">Adultos<\/span>\n                        <\/li>\n<li class=\"product-prop line-limit-length\"><span\n                                    class=\"property-title\">Tipo:&nbsp;<\/span><span\n                                    class=\"property-desc line-limit-length\">HAMMOCK<\/span>\n                        <\/li>\n<li class=\"product-prop line-limit-length\"><span\n                                    class=\"property-title\">Tama\u00f1o:&nbsp;<\/span><span\n                                    class=\"property-desc line-limit-length\">Dos personas<\/span>\n                        <\/li>\n<li class=\"product-prop line-limit-length\"><span\n                                    class=\"property-title\">Marca:&nbsp;<\/span><span\n                                    class=\"property-desc line-limit-length\">REYTORRM<\/span>\n                        <\/li>\n<li class=\"product-prop line-limit-length\"><span\n                                    class=\"property-title\">Origen:&nbsp;<\/span><span\n                                    class=\"property-desc line-limit-length\">China continental<\/span>\n                        <\/li>\n<li class=\"product-prop line-limit-length\"><span\n                                    class=\"property-title\">Uso general:&nbsp;<\/span><span\n                                    class=\"property-desc line-limit-length\">Muebles de exterior<\/span>\n                        <\/li>\n<li class=\"product-prop line-limit-length\"><span\n                                    class=\"property-title\">Color:&nbsp;<\/span><span\n                                    class=\"property-desc line-limit-length\">Hammock with awning<\/span>\n                        <\/li>\n<li class=\"product-prop line-limit-length\"><span\n                                    class=\"property-title\">Rain Fly Tarp:&nbsp;<\/span><span\n                                    class=\"property-desc line-limit-length\">yes,230 * 140cm(Diagonal size)(90.55&#8221;*55.11&#8221;)<\/span>\n                        <\/li>\n<li class=\"product-prop line-limit-length\"><span\n                                    class=\"property-title\">Hammock size:&nbsp;<\/span><span\n                                    class=\"property-desc line-limit-length\">260x140cm<\/span>\n                        <\/li>\n<li class=\"product-prop line-limit-length\"><span\n                                    class=\"property-title\">Hammock color:&nbsp;<\/span><span\n                                    class=\"property-desc line-limit-length\">camouflage army green<\/span>\n                        <\/li>\n<li class=\"product-prop line-limit-length\"><span\n                                    class=\"property-title\">Hammock weight:&nbsp;<\/span><span\n                                    class=\"property-desc line-limit-length\">800g<\/span>\n                        <\/li>\n<li class=\"product-prop line-limit-length\"><span\n                                    class=\"property-title\">Rain Fly Tarp weight:&nbsp;<\/span><span\n                                    class=\"property-desc line-limit-length\">300g<\/span>\n                        <\/li>\n<li class=\"product-prop line-limit-length\"><span\n                                    class=\"property-title\">Package including:&nbsp;<\/span><span\n                                    class=\"property-desc line-limit-length\">1 hammock 1 canopy<\/span>\n                        <\/li>\n<\/ul><\/div>\n<p><\/p>\n<table style=\"border-collapse:collapse;font-family:&quot;Open Sans&quot;, Roboto, Arial, Helvetica, sans-serif, SimSun;font-size:14px;text-align:start;color:rgb(34, 34, 34);background-color:rgb(255, 255, 255);width:944px\" border=\"0\" cellpadding=\"-1\" cellspacing=\"-1\" align=\"start\">\n<tbody>\n<tr>\n<td>\n<table style=\"border-collapse:collapse\" border=\"0\" cellpadding=\"0\" cellspacing=\"0\">\n<tbody>\n<tr>\n<td>\n<p style=\"font-size:14px;font-weight:400;line-height:inherit;margin:0px;margin-bottom:0px;margin-top:0px;margin-left:0px;margin-right:0px;padding:0px;padding-bottom:0px;padding-top:0px;padding-left:0px;padding-right:0px;box-sizing:border-box\"><a style=\"color:rgb(46, 156, 195);background-color:transparent;margin:0px;margin-bottom:0px;margin-top:0px;margin-left:0px;margin-right:0px;padding:0px;padding-bottom:0px;padding-top:0px;padding-left:0px;padding-right:0px;box-sizing:border-box\" href=\"http:\/\/www.aliexpress.com\/store\/all-wholesale-products\/3566026.html?spm=2114.12010615.0.0.7c2cb467OtSdib\" target=\"_blank\" class=\"\" rel=\"noopener\"><img decoding=\"async\" style=\"border:0px;margin:0px;margin-bottom:0px;margin-top:0px;margin-left:0px;margin-right:0px;padding:0px;padding-bottom:0px;padding-top:0px;padding-left:0px;padding-right:0px;display:inherit;max-width:100%;box-sizing:border-box\" src=\"https:\/\/ae01.alicdn.com\/kf\/HTB1t26mXgmTBuNjy1Xbq6yMrVXaz.jpg\" slate-data-type=\"image\"\/><\/a><\/p>\n<\/td>\n<\/tr>\n<\/tbody>\n<\/table>\n<\/td>\n<\/tr>\n<tr>\n<td>\n<p style=\"font-size:14px;font-weight:400;line-height:inherit;margin:0px;margin-bottom:0px;margin-top:0px;margin-left:0px;margin-right:0px;padding:10px;padding-bottom:10px;padding-top:10px;padding-left:10px;padding-right:10px;box-sizing:border-box\"><strong><span style=\"font-size:20px\">Damos la bienvenida a todos los dropshippings y aceptamos archivos CSV y OEM con Custom-LOGO.<\/span><\/strong><\/p>\n<p style=\"font-size:14px;font-weight:400;line-height:inherit;margin:0px;margin-bottom:0px;margin-top:0px;margin-left:0px;margin-right:0px;padding:10px;padding-bottom:10px;padding-top:10px;padding-left:10px;padding-right:10px;box-sizing:border-box\"><strong><span style=\"font-size:20px\"><span style=\"font-size:18px\">Todos los art\u00edculos de nuestra tienda est\u00e1n en stock y todos los pedidos se env\u00edan en un plazo de\u00a0<\/span><\/span><\/strong><strong><span style=\"font-size:20px\"><span style=\"color:rgb(255, 0, 0);font-size:16px\">12 horas<\/span><\/span><\/strong><strong><span style=\"font-size:20px\">\u00a0y rastreable en l\u00ednea dentro de<\/span><\/strong><strong><span style=\"font-size:20px\"><span>\u00a0<\/span><\/span><\/strong><strong><span style=\"font-size:20px\"><span style=\"color:rgb(255, 0, 0);font-size:16px\">6 horas.\u00a0<\/span><\/span><\/strong><\/p>\n<p style=\"font-size:14px;font-weight:400;line-height:inherit;margin:0px;margin-bottom:0px;margin-top:0px;margin-left:0px;margin-right:0px;padding:10px;padding-bottom:10px;padding-top:10px;padding-left:10px;padding-right:10px;box-sizing:border-box\"><strong><span style=\"font-size:20px\"><span style=\"color:rgb(255, 0, 0);font-size:16px\"><span style=\"font-size:18px\">Epacket gratuito a m\u00e1s de 30 pa\u00edses<\/span><\/span><\/span><\/strong><strong><span style=\"font-size:20px\"><span style=\"font-size:16px\"><span style=\"font-size:18px\">.  Entrega en una media de 7-12 d\u00edas a EE.UU., CA y Europ.<\/span><\/span><\/span><\/strong><\/p>\n<p style=\"font-size:14px;font-weight:400;line-height:inherit;margin:0px;margin-bottom:0px;margin-top:0px;margin-left:0px;margin-right:0px;padding:10px;padding-bottom:10px;padding-top:10px;padding-left:10px;padding-right:10px;box-sizing:border-box\"><strong><span style=\"font-size:20px\"><span style=\"font-size:18px\">Servicios personalizados para clientes . Le invitamos a ponerse en contacto con nosotros. Gracias.<\/span><\/span><\/strong><img decoding=\"async\" style=\"border:0px;margin:0px;margin-bottom:0px;margin-top:0px;margin-left:0px;margin-right:0px;padding:0px;padding-bottom:0px;padding-top:0px;padding-left:0px;padding-right:0px;max-width:100%;box-sizing:border-box\" src=\"https:\/\/ae01.alicdn.com\/kf\/S4f2c57c50e6f43358f3b7399452c7134y.jpg\" slate-data-type=\"image\"\/><\/p>\n<\/td>\n<\/tr>\n<\/tbody>\n<\/table>\n<div><span class=\"a-size-large product-title-word-break\" style=\"font-size:24px\">260x140cm Hamaca doble para acampar al aire libre con mosquitera y lona antilluvia Hamacas paraca\u00eddas ligeras para viajes Senderismo<\/span><\/div>\n<div style=\"font-family:arial;font-size:14px;font-weight:400;letter-spacing:normal;text-align:start;white-space:normal;color:rgb(0, 0, 0);background-color:rgb(255, 255, 255);margin:0px;margin-bottom:0px;margin-top:0px;margin-left:0px;margin-right:0px;padding:0px;padding-bottom:0px;padding-top:0px;padding-left:0px;padding-right:0px;box-sizing:content-box\" align=\"start\">Rain Fly Tarp material: 210T plaid fabric + PU waterproof 2000<\/div>\n<div>Hammock size: 260 * 140cm<\/div>\n<div>Sky screen size: 230 * 140cm(Diagonal size)(91&#8221;*55.11&#8221;)<\/div>\n<div>Hammock weight: 700g<\/div>\n<div>Canopy weight: 300g<\/div>\n<div>\u00a0<\/div>\n<div>This product contains:<\/div>\n<div>hammock-260cm x 140cm*1<\/div>\n<div>Awning* 1<\/div>\n<div>Wind rope*4<\/div>\n<div>Tree strap *2<\/div>\n<div>Large steel buckle *2<\/div>\n<div>Long aluminum nails* 2<\/div>\n<div>Same color hammock outer bag*1<\/div>\n<div>\u00a0<\/div>\n<div><span style=\"font-size:14px\">\u3010EVERYTHING INCLUDED\u3011: No need to look elsewhere! We include 2 long tree straps .( per straps\/10 feet), 2 aluminum wiregate carabiners, 2 net ropes and a hammock with bug net. In addition, we also include 4 guylines, 2 aluminum stakes and a waterproof rainfly.<\/span><\/div>\n<div>\u00a0<\/div>\n<div><span style=\"font-size:14px\">\u3010TOP QUALITY MATIERAL\u3011: Crafted from high-strength, breathable 210T Taffeta parachute with triple stitch edge seams. The mesh on top provides excellent insect protection and ventilation. The mesh contains 2500 holes per square inch. Even the smallest pests won&#8217;t get it.<\/span><\/div>\n<div>\u00a0<\/div>\n<div><span style=\"font-size:14px\">\u3010ROOMY DESIGN FOR COMFORT\u3011: Measuring 260 x 140cm (102 x 55 Inches), it can fit two adults, so you can relax with a buddy or just hog the whole thing for yourself. The hammock supports maximum capacity of 600 lb. yet weighs only 36 oz. and takes up little space in your pack.<\/span><\/div>\n<div>\u00a0<\/div>\n<div><span style=\"font-size:14px\">\u3010EASY SUSPENSION SYSTEM\u3011: Easy setup and relax in this hammock within minutes .<\/span><\/div>\n<div style=\"font-family:&quot;Open Sans&quot;, Roboto, Arial, Helvetica, sans-serif, SimSun;font-size:14px;font-weight:400;letter-spacing:normal;text-align:start;white-space:normal;color:rgb(34, 34, 34);background-color:rgb(255, 255, 255);margin:0px;margin-bottom:0px;margin-top:0px;margin-left:0px;margin-right:0px;padding:0px;padding-bottom:0px;padding-top:0px;padding-left:0px;padding-right:0px;box-sizing:content-box\" align=\"start\"><img decoding=\"async\" style=\"border:0px;margin:0px;margin-bottom:0px;margin-top:0px;margin-left:0px;margin-right:0px;padding:0px;padding-bottom:0px;padding-top:0px;padding-left:0px;padding-right:0px;max-width:100%;box-sizing:border-box\" src=\"https:\/\/ae01.alicdn.com\/kf\/S3121ec17ab3b4c67a8bf41285a76b235d.jpg\" slate-data-type=\"image\"\/><\/div>\n<p style=\"font-family:&quot;Open Sans&quot;, Roboto, Arial, Helvetica, sans-serif, SimSun;font-size:14px;font-weight:400;letter-spacing:normal;line-height:inherit;text-align:start;white-space:normal;color:rgb(34, 34, 34);background-color:rgb(255, 255, 255);margin:0px;margin-bottom:0px;margin-top:0px;margin-left:0px;margin-right:0px;padding:0px;padding-bottom:0px;padding-top:0px;padding-left:0px;padding-right:0px;box-sizing:border-box\" align=\"start\"><img decoding=\"async\" src=\"https:\/\/ae01.alicdn.com\/kf\/Sd359b297e9794f999eb68bdc537c9ee3e.jpg\" slate-data-type=\"image\"\/><img decoding=\"async\" src=\"https:\/\/ae01.alicdn.com\/kf\/S1673c7b2b59f49aea7d036a6d0bc6bb0K.jpg\" slate-data-type=\"image\"\/><img decoding=\"async\" src=\"https:\/\/ae01.alicdn.com\/kf\/See9306f227fd4c309a3b21a43bbd32f6O.jpg\" slate-data-type=\"image\"\/><img decoding=\"async\" src=\"https:\/\/ae01.alicdn.com\/kf\/S94032e60251b4262bde82f1c1be66ea0I.jpg\" slate-data-type=\"image\"\/><img decoding=\"async\" src=\"https:\/\/ae01.alicdn.com\/kf\/Sc2b92171206a49e9a4269825374d73436.jpg\" slate-data-type=\"image\"\/><img decoding=\"async\" src=\"https:\/\/ae01.alicdn.com\/kf\/S3ef596ba5c16416882e9816c35b180d8I.jpg\" slate-data-type=\"image\"\/><img decoding=\"async\" src=\"https:\/\/ae01.alicdn.com\/kf\/S12c310a6c8e94225b86512494db2470fG.jpg\" slate-data-type=\"image\"\/><img decoding=\"async\" src=\"https:\/\/ae01.alicdn.com\/kf\/S3f34aa5328a1422383393081792e7cd7x.jpg\" slate-data-type=\"image\"\/><\/p>\n<table style=\"border-collapse:collapse;font-family:&quot;Open Sans&quot;, Roboto, Arial, Helvetica, sans-serif, SimSun;font-size:14px;text-align:start;color:rgb(34, 34, 34);background-color:rgb(255, 255, 255);width:944px\" border=\"0\" cellpadding=\"-1\" cellspacing=\"-1\" align=\"start\">\n<tbody>\n<tr>\n<td>\n<table style=\"border-collapse:collapse;color:rgb(17, 17, 17);background-color:rgb(239, 239, 239)\" border=\"0\" cellpadding=\"0\" cellspacing=\"0\">\n<tbody>\n<tr>\n<td style=\"border:none;padding:0px\">\n<p style=\"font-size:14px;font-weight:400;line-height:inherit;margin:0px;margin-bottom:0px;margin-top:0px;margin-left:0px;margin-right:0px;padding:0px;padding-bottom:0px;padding-top:0px;padding-left:0px;padding-right:0px;box-sizing:border-box\"><\/p>\n<\/td>\n<td style=\"border:none;padding:0px\">\n<p style=\"font-size:14px;font-weight:400;line-height:inherit;margin:0px;margin-bottom:0px;margin-top:0px;margin-left:0px;margin-right:0px;padding:0px;padding-bottom:0px;padding-top:0px;padding-left:0px;padding-right:0px;box-sizing:border-box\"><\/p>\n<\/td>\n<td style=\"border:none;padding:0px\">\n<p style=\"font-size:14px;font-weight:400;line-height:inherit;margin:0px;margin-bottom:0px;margin-top:0px;margin-left:0px;margin-right:0px;padding:0px;padding-bottom:0px;padding-top:0px;padding-left:0px;padding-right:0px;box-sizing:border-box\"><\/p>\n<\/td>\n<\/tr>\n<tr>\n<td style=\"border:none;padding:0px\">\n<p style=\"font-size:14px;font-weight:400;line-height:inherit;margin:0px;margin-bottom:0px;margin-top:0px;margin-left:0px;margin-right:0px;padding:0px;padding-bottom:0px;padding-top:0px;padding-left:0px;padding-right:0px;box-sizing:border-box\"><\/p>\n<\/td>\n<td style=\"border:none;padding:0px\">\n<p style=\"font-size:14px;font-weight:400;line-height:inherit;margin:0px;margin-bottom:0px;margin-top:0px;margin-left:0px;margin-right:0px;padding:0px;padding-bottom:0px;padding-top:0px;padding-left:0px;padding-right:0px;box-sizing:border-box\"><\/p>\n<\/td>\n<td style=\"border:none;padding:0px\">\n<p style=\"font-size:14px;font-weight:400;line-height:inherit;margin:0px;margin-bottom:0px;margin-top:0px;margin-left:0px;margin-right:0px;padding:0px;padding-bottom:0px;padding-top:0px;padding-left:0px;padding-right:0px;box-sizing:border-box\"><\/p>\n<\/td>\n<\/tr>\n<\/tbody>\n<\/table>\n<\/td>\n<\/tr>\n<tr>\n<td>\n<table style=\"border-collapse:collapse\" border=\"0\" cellpadding=\"0\" cellspacing=\"0\">\n<tbody>\n<tr>\n<td>\n<p style=\"font-size:14px;font-weight:400;line-height:inherit;margin:0px;margin-bottom:0px;margin-top:0px;margin-left:0px;margin-right:0px;padding:0px;padding-bottom:0px;padding-top:0px;padding-left:0px;padding-right:0px;box-sizing:border-box\"><img decoding=\"async\" style=\"border:0px;margin:0px;margin-bottom:0px;margin-top:0px;margin-left:0px;margin-right:0px;padding:0px;padding-bottom:0px;padding-top:0px;padding-left:0px;padding-right:0px;display:inherit;max-width:100%;box-sizing:border-box\" src=\"https:\/\/ae01.alicdn.com\/kf\/Ha163fe50025c45d7b3c54cc9238a205ce.jpg\" slate-data-type=\"image\"\/><\/p>\n<\/td>\n<\/tr>\n<\/tbody>\n<\/table>\n<\/td>\n<\/tr>\n<tr>\n<td>\n<table style=\"border-collapse:collapse\" border=\"0\" cellpadding=\"0\" cellspacing=\"0\">\n<tbody>\n<tr>\n<td>\n<p style=\"font-size:14px;font-weight:400;line-height:inherit;margin:0px;margin-bottom:0px;margin-top:0px;margin-left:0px;margin-right:0px;padding:0px;padding-bottom:0px;padding-top:0px;padding-left:0px;padding-right:0px;box-sizing:border-box\"><img decoding=\"async\" style=\"border:0px;margin:0px;margin-bottom:0px;margin-top:0px;margin-left:0px;margin-right:0px;padding:0px;padding-bottom:0px;padding-top:0px;padding-left:0px;padding-right:0px;display:inherit;max-width:100%;box-sizing:border-box\" src=\"https:\/\/ae01.alicdn.com\/kf\/H5e11e7e476124084944cceda8927011f2.jpg\" slate-data-type=\"image\"\/><\/p>\n<\/td>\n<\/tr>\n<\/tbody>\n<\/table>\n<\/td>\n<\/tr>\n<tr>\n<td>\n<table style=\"border-collapse:collapse\" border=\"0\" cellpadding=\"0\" cellspacing=\"0\">\n<tbody>\n<tr>\n<td>\n<p style=\"font-size:14px;font-weight:400;line-height:inherit;margin:0px;margin-bottom:0px;margin-top:0px;margin-left:0px;margin-right:0px;padding:0px;padding-bottom:0px;padding-top:0px;padding-left:0px;padding-right:0px;box-sizing:border-box\"><img decoding=\"async\" style=\"border:0px;margin:0px;margin-bottom:0px;margin-top:0px;margin-left:0px;margin-right:0px;padding:0px;padding-bottom:0px;padding-top:0px;padding-left:0px;padding-right:0px;display:inherit;max-width:100%;box-sizing:border-box\" src=\"https:\/\/ae01.alicdn.com\/kf\/H9e98f7e6f0c84ea084b6789846c67e03H.jpg\" slate-data-type=\"image\"\/><\/p>\n<\/td>\n<\/tr>\n<\/tbody>\n<\/table>\n<\/td>\n<\/tr>\n<\/tbody>\n<\/table>\n<p><\/p>","protected":false},"excerpt":{"rendered":"<p>Style:&nbsp;outdoor hiking camping Pattern:&nbsp;Mosquito Net included is_customized:&nbsp;Yes Model Number:&nbsp;Outdoor hammock Age Group:&nbsp;Adults Type:&nbsp;HAMMOCK Size:&nbsp;Two-person Brand Name:&nbsp;REYTORRM Origin:&nbsp;Mainland China General Use:&nbsp;Outdoor Furniture Color:&nbsp;Hammock with awning Rain Fly Tarp:&nbsp;yes,230 * 140cm(Diagonal size)(90.55&#8221;*55.11&#8221;) Hammock size:&nbsp;260x140cm Hammock color:&nbsp;camouflage army green Hammock weight:&nbsp;800g Rain Fly Tarp weight:&nbsp;300g Package including:&nbsp;1 hammock 1 canopy We welcome all dropshippings and accept CSV files [&hellip;]<\/p>\n","protected":false},"featured_media":39796,"comment_status":"open","ping_status":"closed","template":"","meta":[],"product_brand":[],"product_cat":[189],"product_tag":[],"class_list":{"0":"post-39795","1":"product","2":"type-product","3":"status-publish","4":"has-post-thumbnail","6":"product_cat-tent","8":"first","9":"instock","10":"sale","11":"shipping-taxable","12":"purchasable","13":"product-type-variable"},"_links":{"self":[{"href":"https:\/\/campersite-rent.com\/es\/wp-json\/wp\/v2\/product\/39795","targetHints":{"allow":["GET"]}}],"collection":[{"href":"https:\/\/campersite-rent.com\/es\/wp-json\/wp\/v2\/product"}],"about":[{"href":"https:\/\/campersite-rent.com\/es\/wp-json\/wp\/v2\/types\/product"}],"replies":[{"embeddable":true,"href":"https:\/\/campersite-rent.com\/es\/wp-json\/wp\/v2\/comments?post=39795"}],"wp:featuredmedia":[{"embeddable":true,"href":"https:\/\/campersite-rent.com\/es\/wp-json\/wp\/v2\/media\/39796"}],"wp:attachment":[{"href":"https:\/\/campersite-rent.com\/es\/wp-json\/wp\/v2\/media?parent=39795"}],"wp:term":[{"taxonomy":"product_brand","embeddable":true,"href":"https:\/\/campersite-rent.com\/es\/wp-json\/wp\/v2\/product_brand?post=39795"},{"taxonomy":"product_cat","embeddable":true,"href":"https:\/\/campersite-rent.com\/es\/wp-json\/wp\/v2\/product_cat?post=39795"},{"taxonomy":"product_tag","embeddable":true,"href":"https:\/\/campersite-rent.com\/es\/wp-json\/wp\/v2\/product_tag?post=39795"}],"curies":[{"name":"wp","href":"https:\/\/api.w.org\/{rel}","templated":true}]}}