{"id":39782,"date":"2023-08-15T09:30:49","date_gmt":"2023-08-15T09:30:49","guid":{"rendered":"https:\/\/campersite-rent.com\/product\/outdoor-canva-camping-hammock-240150cm-upgraded-thickened-hammock-with-two-anti-roll-balance-beam-hanging-chair-garden-swings\/"},"modified":"2023-08-20T19:24:34","modified_gmt":"2023-08-20T19:24:34","slug":"outdoor-canva-camping-hammock-240150cm-upgraded-thickened-hammock-with-two-anti-roll-balance-beam-hanging-chair-garden-swings","status":"publish","type":"product","link":"https:\/\/campersite-rent.com\/es\/producto\/hamaca-canva-de-camping-240150cm-hamaca-espesada-mejorada-con-dos-balancines-anti-rodadura\/","title":{"rendered":"Hamaca de acampada Canva al aire libre 240*150cm Hamaca engrosada mejorada con dos balancines antivuelco Silla colgante columpios de jard\u00edn"},"content":{"rendered":"<div class=\"product-specs-list-container\">\n<ul class=\"product-specs-list util-clearfix\">\n<li class=\"product-prop line-limit-length\"><span\n                                    class=\"property-title\">Estilo:&nbsp;<\/span><span\n                                    class=\"property-desc line-limit-length\">hamaca de ocio<\/span>\n                        <\/li>\n<li class=\"product-prop line-limit-length\"><span\n                                    class=\"property-title\">Patr\u00f3n:&nbsp;<\/span><span\n                                    class=\"property-desc line-limit-length\">hamaca de tiras azules<\/span>\n                        <\/li>\n<li class=\"product-prop line-limit-length\"><span\n                                    class=\"property-title\">is_customized:&nbsp;<\/span><span\n                                    class=\"property-desc line-limit-length\">S\u00ed<\/span>\n                        <\/li>\n<li class=\"product-prop line-limit-length\"><span\n                                    class=\"property-title\">N\u00famero de modelo:&nbsp;<\/span><span\n                                    class=\"property-desc line-limit-length\">Hamaca para 2 personas<\/span>\n                        <\/li>\n<li class=\"product-prop line-limit-length\"><span\n                                    class=\"property-title\">Grupo de edad:&nbsp;<\/span><span\n                                    class=\"property-desc line-limit-length\">Adultos<\/span>\n                        <\/li>\n<li class=\"product-prop line-limit-length\"><span\n                                    class=\"property-title\">Tipo:&nbsp;<\/span><span\n                                    class=\"property-desc line-limit-length\">HAMMOCK<\/span>\n                        <\/li>\n<li class=\"product-prop line-limit-length\"><span\n                                    class=\"property-title\">Tama\u00f1o:&nbsp;<\/span><span\n                                    class=\"property-desc line-limit-length\">Dos personas<\/span>\n                        <\/li>\n<li class=\"product-prop line-limit-length\"><span\n                                    class=\"property-title\">Marca:&nbsp;<\/span><span\n                                    class=\"property-desc line-limit-length\">REYTORRM<\/span>\n                        <\/li>\n<li class=\"product-prop line-limit-length\"><span\n                                    class=\"property-title\">Origen:&nbsp;<\/span><span\n                                    class=\"property-desc line-limit-length\">China continental<\/span>\n                        <\/li>\n<li class=\"product-prop line-limit-length\"><span\n                                    class=\"property-title\">Uso general:&nbsp;<\/span><span\n                                    class=\"property-desc line-limit-length\">Muebles de exterior<\/span>\n                        <\/li>\n<li class=\"product-prop line-limit-length\"><span\n                                    class=\"property-title\">Material:&nbsp;<\/span><span\n                                    class=\"property-desc line-limit-length\">lona Con palo de madera<\/span>\n                        <\/li>\n<li class=\"product-prop line-limit-length\"><span\n                                    class=\"property-title\">Carga m\u00e1xima soportada:&nbsp;<\/span><span\n                                    class=\"property-desc line-limit-length\">200KG<\/span>\n                        <\/li>\n<li class=\"product-prop line-limit-length\"><span\n                                    class=\"property-title\">peso:&nbsp;<\/span><span\n                                    class=\"property-desc line-limit-length\">1500G<\/span>\n                        <\/li>\n<li class=\"product-prop line-limit-length\"><span\n                                    class=\"property-title\">categor\u00eda del producto:&nbsp;<\/span><span\n                                    class=\"property-desc line-limit-length\">Hamaca<\/span>\n                        <\/li>\n<li class=\"product-prop line-limit-length\"><span\n                                    class=\"property-title\">Adecuado:&nbsp;<\/span><span\n                                    class=\"property-desc line-limit-length\">Hamaca para 2 personas<\/span>\n                        <\/li>\n<li class=\"product-prop line-limit-length\"><span\n                                    class=\"property-title\">Color en stock:&nbsp;<\/span><span\n                                    class=\"property-desc line-limit-length\">hamaca azul roja<\/span>\n                        <\/li>\n<li class=\"product-prop line-limit-length\"><span\n                                    class=\"property-title\">Ocasi\u00f3n:&nbsp;<\/span><span\n                                    class=\"property-desc line-limit-length\">camping senderismo jard\u00edn Ocio columpio<\/span>\n                        <\/li>\n<li class=\"product-prop line-limit-length\"><span\n                                    class=\"property-title\">Caracter\u00edstica:&nbsp;<\/span><span\n                                    class=\"property-desc line-limit-length\">con palo de madera de dise\u00f1o estable anti-ca\u00edda<\/span>\n                        <\/li>\n<li class=\"product-prop line-limit-length\"><span\n                                    class=\"property-title\">Tama\u00f1o de la tela:&nbsp;<\/span><span\n                                    class=\"property-desc line-limit-length\">180*150cm<\/span>\n                        <\/li>\n<li class=\"product-prop line-limit-length\"><span\n                                    class=\"property-title\">Con tama\u00f1o final:&nbsp;<\/span><span\n                                    class=\"property-desc line-limit-length\">240*150cm<\/span>\n                        <\/li>\n<\/ul><\/div>\n<div class=\"detailmodule_html\">\n<p><\/p>\n<\/div>\n<div class=\"detailmodule_html\">\n<div class=\"detail-desc-decorate-richtext\">\n<table style=\"border-collapse:collapse;width:100%\" border=\"0\" cellpadding=\"-1\" cellspacing=\"-1\">\n<tbody>\n<tr>\n<td>\n<table style=\"border-collapse:collapse;color:rgb(17, 17, 17);background-color:rgb(168, 213, 255)\" border=\"0\" cellpadding=\"0\" cellspacing=\"0\">\n<tbody>\n<tr>\n<td style=\"border:none;padding:0px\">\n<p style=\"font-family:&quot;Open Sans&quot;, Roboto, Arial, Helvetica, sans-serif, SimSun;font-size:14px;font-weight:400;letter-spacing:normal;line-height:inherit;text-align:start;white-space:normal;color:rgb(34, 34, 34);background-color:rgb(255, 255, 255);margin:0px;margin-bottom:0px;margin-top:0px;margin-left:0px;margin-right:0px;padding:10px;padding-bottom:10px;padding-top:10px;padding-left:10px;padding-right:10px;box-sizing:border-box\" align=\"start\"><strong><span style=\"font-size:20px\">Damos la bienvenida a todos los dropshippings y aceptamos archivos CSV y OEM con Custom-LOGO.<\/span><\/strong><\/p>\n<p style=\"font-family:&quot;Open Sans&quot;, Roboto, Arial, Helvetica, sans-serif, SimSun;font-size:14px;font-weight:400;letter-spacing:normal;line-height:inherit;text-align:start;white-space:normal;color:rgb(34, 34, 34);background-color:rgb(255, 255, 255);margin:0px;margin-bottom:0px;margin-top:0px;margin-left:0px;margin-right:0px;padding:10px;padding-bottom:10px;padding-top:10px;padding-left:10px;padding-right:10px;box-sizing:border-box\" align=\"start\"><strong><span style=\"font-size:20px\"><span style=\"font-size:18px\">Todos los art\u00edculos de nuestra tienda est\u00e1n en stock y todos los pedidos se env\u00edan en un plazo de\u00a0<\/span><\/span><\/strong><strong><span style=\"font-size:20px\"><span style=\"color:rgb(255, 0, 0);font-size:16px\">12 horas<\/span><\/span><\/strong><strong><span style=\"font-size:20px\">\u00a0y rastreable en l\u00ednea dentro de<\/span><\/strong><strong><span style=\"font-size:20px\"><span>\u00a0<\/span><\/span><\/strong><strong><span style=\"font-size:20px\"><span style=\"color:rgb(255, 0, 0);font-size:16px\">6 horas.\u00a0<\/span><\/span><\/strong><\/p>\n<p style=\"font-family:&quot;Open Sans&quot;, Roboto, Arial, Helvetica, sans-serif, SimSun;font-size:14px;font-weight:400;letter-spacing:normal;line-height:inherit;text-align:start;white-space:normal;color:rgb(34, 34, 34);background-color:rgb(255, 255, 255);margin:0px;margin-bottom:0px;margin-top:0px;margin-left:0px;margin-right:0px;padding:10px;padding-bottom:10px;padding-top:10px;padding-left:10px;padding-right:10px;box-sizing:border-box\" align=\"start\"><strong><span style=\"font-size:20px\"><span style=\"color:rgb(255, 0, 0);font-size:16px\"><span style=\"font-size:18px\">Epacket gratuito a m\u00e1s de 30 pa\u00edses<\/span><\/span><\/span><\/strong><strong><span style=\"font-size:20px\"><span style=\"font-size:16px\"><span style=\"font-size:18px\">.  Entrega en una media de 7-12 d\u00edas a EE.UU., CA y Europ.<\/span><\/span><\/span><\/strong><\/p>\n<p style=\"font-family:&quot;Open Sans&quot;, Roboto, Arial, Helvetica, sans-serif, SimSun;font-size:14px;font-weight:400;letter-spacing:normal;line-height:inherit;text-align:start;white-space:normal;color:rgb(34, 34, 34);background-color:rgb(255, 255, 255);margin:0px;margin-bottom:0px;margin-top:0px;margin-left:0px;margin-right:0px;padding:10px;padding-bottom:10px;padding-top:10px;padding-left:10px;padding-right:10px;box-sizing:border-box\" align=\"start\"><strong><span style=\"font-size:20px\"><span style=\"font-size:18px\">Servicios personalizados para clientes . Le invitamos a ponerse en contacto con nosotros. Gracias.<\/span><\/span><\/strong><\/p>\n<\/td>\n<\/tr>\n<\/tbody>\n<\/table>\n<\/td>\n<\/tr>\n<\/tbody>\n<\/table>\n<\/div>\n<\/div>\n<p><\/p>\n<div class=\"detailmodule_html\">\n<div class=\"detail-desc-decorate-richtext\">\n<table style=\"border-collapse:collapse;width:100%\" border=\"0\" cellpadding=\"-1\" cellspacing=\"-1\">\n<tbody>\n<tr>\n<td>\n<table style=\"border-collapse:collapse;color:rgb(17, 17, 17);background-color:rgb(168, 213, 255)\" border=\"0\" cellpadding=\"0\" cellspacing=\"0\">\n<tbody>\n<tr>\n<td style=\"border:none;padding:0px\">\n<p style=\"font-family:&quot;Open Sans&quot;, Roboto, Arial, Helvetica, sans-serif, SimSun;font-size:14px;font-weight:400;letter-spacing:normal;line-height:inherit;text-align:start;white-space:normal;color:rgb(34, 34, 34);background-color:rgb(255, 255, 255);margin:0px;margin-bottom:0px;margin-top:0px;margin-left:0px;margin-right:0px;padding:10px;padding-bottom:10px;padding-top:10px;padding-left:10px;padding-right:10px;box-sizing:border-box\" align=\"start\"><img decoding=\"async\" src=\"https:\/\/ae01.alicdn.com\/kf\/S8a9a36aace5741cb89a53b362f64271cd.jpg\" slate-data-type=\"image\"\/><\/p>\n<\/td>\n<\/tr>\n<\/tbody>\n<\/table>\n<\/td>\n<\/tr>\n<\/tbody>\n<\/table>\n<\/div>\n<\/div>\n<p><\/p>\n<h1>Hamaca doble, Hamaca de lona de algod\u00f3n para 2 personas 450lbs Hamaca de camping port\u00e1til con bolsa de transporte Dos vigas de equilibrio antivuelco Cuerdas con mosquet\u00f3n de metal y correas para \u00e1rboles para viajar Patio Jard\u00edn Hamaca doble 240x150cm, hamaca individual 240x100cm<\/h1>\n<p><\/p>\n<div class=\"detailmodule_html\">\n<div class=\"detail-desc-decorate-richtext\">\n<p><span>\ud83d\udc4d<\/span>\u3010Anti-rollover Design\u3011La hamaca con dos anti-balanceo Beam, la longitud de la pluma de equilibrio es de aproximadamente 15,7 pulgadas, con 9 agujeros de cuerda de manera uniforme en \u00e9l, que puede apretar con eficacia la hamaca y mantener la hamaca en equilibrio, para que pueda disfrutar de su tiempo de ocio.<\/p>\n<\/div>\n<\/div>\n<p><\/p>\n<div class=\"detailmodule_html\">\n<div class=\"detail-desc-decorate-richtext\">\n<p><span>\ud83d\udc4d<\/span>\u3010Widely Usage\u3011La hamaca de lona de algod\u00f3n viene con una bolsa de transporte compacta, adecuada para que usted se entretenga y relaje en el parque, playa, monta\u00f1a, terraza, porche, jard\u00edn, patio.<\/p>\n<\/div>\n<\/div>\n<p><\/p>\n<div class=\"detailmodule_html\">\n<div class=\"detail-desc-decorate-richtext\">\n<p><span>\ud83d\udc4d<\/span>\u3010Acerca del tama\u00f1o\u3011Nuestras hamacas vienen en tres tama\u00f1os, cada uno en dos colores y dos configuraciones:<\/p>\n<\/div>\n<\/div>\n<p><\/p>\n<p>Tipo 1 \uff1aHamaca doble Con 2 vigas de equilibrio antivuelco , Equipada con 2 mosquetones met\u00e1licos, 2 cuerdas de amarre y 2 cinturones anchos con lazos de acero en un extremo . Rojo y azul se puede elegir . Tama\u00f1o total: 240\u00d7150 cm \/ 94 x 59 pulgadas. Tama\u00f1o de la cama de lona: 180 x 150 cm \/ 70,86 x 59 pulgadas de ancho.<\/p>\n<p><\/p>\n<p>Tipo 2 \uff1aHamaca doble Con 2 vigas de equilibrio antibalanceo , 2 cuerdas de amarre .Azul y rojo se puede elegir . Tama\u00f1o total: 240\u00d7150 cm \/ 94 x 59 pulgadas. Tama\u00f1o de la cama de lona: 180 x 150 cm \/ 70,86 x 59 pulgadas de ancho.<\/p>\n<p><\/p>\n<p><\/p>\n<p><img decoding=\"async\" src=\"https:\/\/ae01.alicdn.com\/kf\/S89206aa8a9724f939aec049a8fbe61582.jpg\" slate-data-type=\"image\"\/><img decoding=\"async\" src=\"https:\/\/ae01.alicdn.com\/kf\/S8504577ea2474e0081c9e1ac0623a59dR.jpg\" slate-data-type=\"image\"\/><img decoding=\"async\" src=\"https:\/\/ae01.alicdn.com\/kf\/S1050673f089945af9977ad35a2d7a268X.jpg\" slate-data-type=\"image\"\/><img decoding=\"async\" src=\"https:\/\/ae01.alicdn.com\/kf\/Sb92d8e987f6f41c7a04be2e0f8d70337p.jpg\" slate-data-type=\"image\"\/><img decoding=\"async\" src=\"https:\/\/ae01.alicdn.com\/kf\/S43f9d4095608413791bd0fcb853366d7x.jpg\" slate-data-type=\"image\"\/><img decoding=\"async\" src=\"https:\/\/ae01.alicdn.com\/kf\/Sa57a3bc1df184dfc8c96ed9d3315cd30C.jpg\" slate-data-type=\"image\"\/><img decoding=\"async\" src=\"https:\/\/ae01.alicdn.com\/kf\/Seaf89969788f43eab790fca1f9e225bbl.jpg\" slate-data-type=\"image\"\/><img decoding=\"async\" src=\"https:\/\/ae01.alicdn.com\/kf\/Sa92edd3ec5784d3cbab0e61d8c540bd3b.jpg\" slate-data-type=\"image\"\/><img decoding=\"async\" src=\"https:\/\/ae01.alicdn.com\/kf\/Sf4f326e59856403892e69c2eb87cfbb2R.jpg\" slate-data-type=\"image\"\/><\/p>\n<p><\/p>\n<div class=\"detailmodule_html\">\n<div class=\"detail-desc-decorate-richtext\">\n<table style=\"border-collapse:collapse;width:100%\" border=\"0\" cellpadding=\"-1\" cellspacing=\"-1\">\n<tbody>\n<tr>\n<td>\n<table style=\"border-collapse:collapse\" border=\"0\" cellpadding=\"0\" cellspacing=\"0\">\n<tbody>\n<tr>\n<td>\n<p><img decoding=\"async\" style=\"display:inherit\" src=\"https:\/\/ae01.alicdn.com\/kf\/Ha163fe50025c45d7b3c54cc9238a205ce.jpg\" slate-data-type=\"image\"\/><\/p>\n<\/td>\n<\/tr>\n<\/tbody>\n<\/table>\n<\/td>\n<\/tr>\n<\/tbody>\n<\/table>\n<\/div>\n<\/div>\n<p><\/p>\n<div class=\"detailmodule_html\">\n<div class=\"detail-desc-decorate-richtext\">\n<table style=\"border-collapse:collapse;width:100%\" border=\"0\" cellpadding=\"-1\" cellspacing=\"-1\">\n<tbody>\n<tr>\n<td>\n<table style=\"border-collapse:collapse\" border=\"0\" cellpadding=\"0\" cellspacing=\"0\">\n<tbody>\n<tr>\n<td>\n<p><img decoding=\"async\" style=\"display:inherit\" src=\"https:\/\/ae01.alicdn.com\/kf\/H5e11e7e476124084944cceda8927011f2.jpg\" slate-data-type=\"image\"\/><\/p>\n<\/td>\n<\/tr>\n<\/tbody>\n<\/table>\n<\/td>\n<\/tr>\n<\/tbody>\n<\/table>\n<\/div>\n<\/div>\n<p><\/p>\n<div class=\"detailmodule_html\">\n<div class=\"detail-desc-decorate-richtext\">\n<table style=\"border-collapse:collapse;width:100%\" border=\"0\" cellpadding=\"-1\" cellspacing=\"-1\">\n<tbody>\n<tr>\n<td>\n<table style=\"border-collapse:collapse\" border=\"0\" cellpadding=\"0\" cellspacing=\"0\">\n<tbody>\n<tr>\n<td>\n<p><img decoding=\"async\" style=\"display:inherit\" src=\"https:\/\/ae01.alicdn.com\/kf\/H9e98f7e6f0c84ea084b6789846c67e03H.jpg\" slate-data-type=\"image\"\/><\/p>\n<\/td>\n<\/tr>\n<\/tbody>\n<\/table>\n<\/td>\n<\/tr>\n<\/tbody>\n<\/table>\n<\/div>\n<\/div>\n<p><\/p>","protected":false},"excerpt":{"rendered":"<p>Style:&nbsp;leisure hammock Pattern:&nbsp;blue strips hammock is_customized:&nbsp;Yes Model Number:&nbsp;2 people hammock Age Group:&nbsp;Adults Type:&nbsp;HAMMOCK Size:&nbsp;Two-person Brand Name:&nbsp;REYTORRM Origin:&nbsp;Mainland China General Use:&nbsp;Outdoor Furniture Material:&nbsp;canvas With timber stick Maximum load bearing:&nbsp;200KG weight:&nbsp;1500G category of the product:&nbsp;Hammock Suitable:&nbsp;2 person hammock Color in stock:&nbsp;blue red hammock Occasion:&nbsp;camping hiking garden Leisure swing Feature:&nbsp;with wooden stick anti-falling steady design fabric size:&nbsp;180*150cm With [&hellip;]<\/p>\n","protected":false},"featured_media":39784,"comment_status":"open","ping_status":"closed","template":"","meta":[],"product_brand":[],"product_cat":[189],"product_tag":[],"class_list":{"0":"post-39782","1":"product","2":"type-product","3":"status-publish","4":"has-post-thumbnail","6":"product_cat-tent","8":"first","9":"instock","10":"sale","11":"shipping-taxable","12":"purchasable","13":"product-type-variable"},"_links":{"self":[{"href":"https:\/\/campersite-rent.com\/es\/wp-json\/wp\/v2\/product\/39782","targetHints":{"allow":["GET"]}}],"collection":[{"href":"https:\/\/campersite-rent.com\/es\/wp-json\/wp\/v2\/product"}],"about":[{"href":"https:\/\/campersite-rent.com\/es\/wp-json\/wp\/v2\/types\/product"}],"replies":[{"embeddable":true,"href":"https:\/\/campersite-rent.com\/es\/wp-json\/wp\/v2\/comments?post=39782"}],"wp:featuredmedia":[{"embeddable":true,"href":"https:\/\/campersite-rent.com\/es\/wp-json\/wp\/v2\/media\/39784"}],"wp:attachment":[{"href":"https:\/\/campersite-rent.com\/es\/wp-json\/wp\/v2\/media?parent=39782"}],"wp:term":[{"taxonomy":"product_brand","embeddable":true,"href":"https:\/\/campersite-rent.com\/es\/wp-json\/wp\/v2\/product_brand?post=39782"},{"taxonomy":"product_cat","embeddable":true,"href":"https:\/\/campersite-rent.com\/es\/wp-json\/wp\/v2\/product_cat?post=39782"},{"taxonomy":"product_tag","embeddable":true,"href":"https:\/\/campersite-rent.com\/es\/wp-json\/wp\/v2\/product_tag?post=39782"}],"curies":[{"name":"wp","href":"https:\/\/api.w.org\/{rel}","templated":true}]}}